{"id":3503,"date":"2023-09-06T19:02:42","date_gmt":"2023-09-06T19:02:42","guid":{"rendered":"https:\/\/focusendoscopy.com\/equipement-dendoscopie-certifie\/"},"modified":"2024-12-09T20:46:01","modified_gmt":"2024-12-09T20:46:01","slug":"equipement-dendoscopie-certifie","status":"publish","type":"page","link":"https:\/\/focusendoscopy.com\/fr\/equipement-dendoscopie-certifie\/","title":{"rendered":"\u00c9quipement d&rsquo;Endoscopie Certifi\u00e9"},"content":{"rendered":"\t\t<div data-elementor-type=\"wp-page\" data-elementor-id=\"3503\" class=\"elementor elementor-3503 elementor-22\" data-elementor-post-type=\"page\">\n\t\t\t\t\t\t<section class=\"elementor-section elementor-top-section elementor-element elementor-element-87ce622 elementor-section-boxed elementor-section-height-default elementor-section-height-default\" data-id=\"87ce622\" data-element_type=\"section\">\r\n\t\t\t\t\t\t<div class=\"elementor-container elementor-column-gap-thegem\"><div class=\"elementor-row\">\r\n\t\t\t\t\t<div class=\"elementor-column elementor-col-50 elementor-top-column elementor-element elementor-element-3b27bea\" data-id=\"3b27bea\" data-element_type=\"column\">\n\t\t\t<div class=\"elementor-widget-wrap elementor-element-populated\">\n\t\t\t\t\t\t<div class=\"elementor-element elementor-element-831c18e flex-horizontal-align-default flex-horizontal-align-tablet-default flex-horizontal-align-mobile-default flex-vertical-align-default flex-vertical-align-tablet-default flex-vertical-align-mobile-default elementor-widget elementor-widget-text-editor\" data-id=\"831c18e\" data-element_type=\"widget\" data-widget_type=\"text-editor.default\">\n\t\t\t\t<div class=\"elementor-widget-container\">\n\t\t\t\t\t\t\t\t\t\t\t\t<div class=\"elementor-text-editor elementor-clearfix\">\r\n\t\t\t\t\t\t<p>Chez Prime Focus, nous proposons des solutions innovantes et certifi\u00e9es pour tous vos besoins en \u00e9quipement d&rsquo;endoscopie. Que vous recherchiez la derni\u00e8re g\u00e9n\u00e9ration ou des alternatives remises \u00e0 neuf, nous avons ce qu&rsquo;il vous faut. Notre inventaire comprend des endoscopes flexibles et rigides, ainsi que des \u00e9quipements essentiels neufs et d&rsquo;occasion tels que des processeurs vid\u00e9o, des sources lumineuses, des chariots de proc\u00e9dure et bien plus encore.<\/p>\n<p>Profitez de remises importantes sans compromettre la fiabilit\u00e9. Chaque \u00e9quipement fait l&rsquo;objet d&rsquo;une inspection m\u00e9ticuleuse afin d&rsquo;assurer une fonctionnalit\u00e9 optimale, soutenue par une garantie de 12 mois pour votre tranquillit\u00e9 d&rsquo;esprit. Avec une disponibilit\u00e9 constante des stocks et des options de financement sur mesure, nous donnons la priorit\u00e9 \u00e0 la qualit\u00e9 et \u00e0 l&rsquo;accessibilit\u00e9 financi\u00e8re.<\/p>\n<p>Choisissez Prime Focus pour des solutions fiables, soutenant le succ\u00e8s de votre cabinet avec les \u00e9quipements d&rsquo;endoscopie les plus r\u00e9cents.<\/p>\n\t\t\t\t\t\t\t<\/div>\r\n\t\t\t\t\t\t\t\t\t\t<\/div>\n\t\t\t\t<\/div>\n\t\t\t\t\t<\/div>\n\t\t<\/div>\n\t\t\t\t<div class=\"elementor-column elementor-col-50 elementor-top-column elementor-element elementor-element-149e537\" data-id=\"149e537\" data-element_type=\"column\">\n\t\t\t<div class=\"elementor-widget-wrap elementor-element-populated\">\n\t\t\t\t\t\t<div class=\"elementor-element elementor-element-0123dc3 flex-horizontal-align-default flex-horizontal-align-tablet-default flex-horizontal-align-mobile-default flex-vertical-align-default flex-vertical-align-tablet-default flex-vertical-align-mobile-default elementor-widget elementor-widget-thegem-styledimage\" data-id=\"0123dc3\" data-element_type=\"widget\" data-settings=\"{&quot;image&quot;:{&quot;url&quot;:&quot;https:\\\/\\\/focusendoscopy.com\\\/wp-content\\\/uploads\\\/2024\\\/04\\\/Image-1-certified-endo.jpg&quot;,&quot;id&quot;:2934,&quot;size&quot;:&quot;&quot;,&quot;alt&quot;:&quot;&quot;,&quot;source&quot;:&quot;library&quot;},&quot;thegem_elementor_preset&quot;:&quot;default&quot;,&quot;image_position&quot;:&quot;left&quot;}\" data-widget_type=\"thegem-styledimage.default\">\n\t\t\t\t<div class=\"elementor-widget-container\">\n\t\t\t\t\t\n<div class=\"styled-image-wrapper\">\n\t\t\t<div class=\"gem-image gem-wrapbox gem-wrapbox-default gem-wrapbox-position-left lazy-loading \">\n\t\t\t<div class=\"gem-wrapbox-inner  lazy-loading-item\"  data-ll-effect=\"move-up\">\n\t\t\t\t\t\t\t\t\t<img class=\"gem-wrapbox-element img-responsive \"\n\t\t\t\t\t\t src=\"https:\/\/focusendoscopy.com\/wp-content\/uploads\/2024\/04\/Image-1-certified-endo.jpg\"\n\t\t\t\t\t\t alt=\"Image-1-certified-endo\">\n\t\t\t\t\t\t\t\t<\/div>\n\t\t<\/div>\n\t\t<\/div>\n\n\n\t\n\t\t\t\t\t\t<\/div>\n\t\t\t\t<\/div>\n\t\t\t\t\t<\/div>\n\t\t<\/div>\n\t\t\t\t\t<\/div><\/div>\r\n\t\t<\/section>\r\n\t\t\t\t<section class=\"elementor-section elementor-top-section elementor-element elementor-element-0a456ea elementor-section-content-middle elementor-section-stretched elementor-section-boxed elementor-section-height-default elementor-section-height-default\" data-id=\"0a456ea\" data-element_type=\"section\" data-settings=\"{&quot;background_background&quot;:&quot;classic&quot;,&quot;stretch_section&quot;:&quot;section-stretched&quot;}\">\r\n\t\t\t\t\t\t<div class=\"elementor-container elementor-column-gap-thegem\"><div class=\"elementor-row\">\r\n\t\t\t\t\t<div class=\"elementor-column elementor-col-100 elementor-top-column elementor-element elementor-element-87afa8c\" data-id=\"87afa8c\" data-element_type=\"column\">\n\t\t\t<div class=\"elementor-widget-wrap elementor-element-populated\">\n\t\t\t\t\t\t<div class=\"elementor-element elementor-element-52fe81b flex-horizontal-align-default flex-horizontal-align-tablet-default flex-horizontal-align-mobile-default flex-vertical-align-default flex-vertical-align-tablet-default flex-vertical-align-mobile-default elementor-widget elementor-widget-text-editor\" data-id=\"52fe81b\" data-element_type=\"widget\" data-widget_type=\"text-editor.default\">\n\t\t\t\t<div class=\"elementor-widget-container\">\n\t\t\t\t\t\t\t\t\t\t\t\t<div class=\"elementor-text-editor elementor-clearfix\">\r\n\t\t\t\t\t\t<div class=\"title-h1\" style=\"text-align: center;\"><span style=\"color: #ffffff;\"><span style=\"color: #00a4ef;\">OFFRANT UNE <span style=\"color: #ffffff;\"><span style=\"color: #00a4ef;\">LARGE GAMME<\/span> DE<\/span><\/span>\u00a0PRODUITS NEUFS ET D&rsquo;OCCASION<\/span><\/div>\t\t\t\t\t\t\t<\/div>\r\n\t\t\t\t\t\t\t\t\t\t<\/div>\n\t\t\t\t<\/div>\n\t\t\t\t\t<\/div>\n\t\t<\/div>\n\t\t\t\t\t<\/div><\/div>\r\n\t\t<\/section>\r\n\t\t\t\t<section class=\"elementor-section elementor-top-section elementor-element elementor-element-7050c8b elementor-section-stretched elementor-section-boxed elementor-section-height-default elementor-section-height-default\" data-id=\"7050c8b\" data-element_type=\"section\" data-settings=\"{&quot;stretch_section&quot;:&quot;section-stretched&quot;}\">\r\n\t\t\t\t\t\t\t<div class=\"elementor-background-overlay\"><\/div>\r\n\t\t\t\t\t\t\t<div class=\"elementor-container elementor-column-gap-thegem\"><div class=\"elementor-row\">\r\n\t\t\t\t\t<div class=\"elementor-column elementor-col-50 elementor-top-column elementor-element elementor-element-9c49c78\" data-id=\"9c49c78\" data-element_type=\"column\">\n\t\t\t<div class=\"elementor-widget-wrap elementor-element-populated\">\n\t\t\t\t\t\t<div class=\"elementor-element elementor-element-e892730 flex-horizontal-align-default flex-horizontal-align-tablet-default flex-horizontal-align-mobile-default flex-vertical-align-default flex-vertical-align-tablet-default flex-vertical-align-mobile-default elementor-widget elementor-widget-thegem-styledimage\" data-id=\"e892730\" data-element_type=\"widget\" data-settings=\"{&quot;image&quot;:{&quot;url&quot;:&quot;https:\\\/\\\/focusendoscopy.com\\\/wp-content\\\/uploads\\\/2024\\\/09\\\/Laparoscopy-scaled-1.jpeg&quot;,&quot;id&quot;:4657,&quot;size&quot;:&quot;&quot;,&quot;alt&quot;:&quot;&quot;,&quot;source&quot;:&quot;library&quot;},&quot;thegem_elementor_preset&quot;:&quot;default&quot;,&quot;image_position&quot;:&quot;left&quot;}\" data-widget_type=\"thegem-styledimage.default\">\n\t\t\t\t<div class=\"elementor-widget-container\">\n\t\t\t\t\t\n<div class=\"styled-image-wrapper\">\n\t\t\t<div class=\"gem-image gem-wrapbox gem-wrapbox-default gem-wrapbox-position-left lazy-loading \">\n\t\t\t<div class=\"gem-wrapbox-inner  lazy-loading-item\"  data-ll-effect=\"move-up\">\n\t\t\t\t\t\t\t\t\t<img class=\"gem-wrapbox-element img-responsive \"\n\t\t\t\t\t\t src=\"https:\/\/focusendoscopy.com\/wp-content\/uploads\/2024\/09\/Laparoscopy-scaled-1.jpeg\"\n\t\t\t\t\t\t alt=\"Back view of surgeons team looks at monitors while preforming operation in hospital operating theater, male surgeon operating patient working with surgical laparoscopy instruments. Gynecology.\">\n\t\t\t\t\t\t\t\t<\/div>\n\t\t<\/div>\n\t\t<\/div>\n\n\n\t\n\t\t\t\t\t\t<\/div>\n\t\t\t\t<\/div>\n\t\t\t\t\t<\/div>\n\t\t<\/div>\n\t\t\t\t<div class=\"elementor-column elementor-col-50 elementor-top-column elementor-element elementor-element-9d921f9\" data-id=\"9d921f9\" data-element_type=\"column\">\n\t\t\t<div class=\"elementor-widget-wrap elementor-element-populated\">\n\t\t\t\t\t\t<div class=\"elementor-element elementor-element-1a264f0 flex-horizontal-align-default flex-horizontal-align-tablet-default flex-horizontal-align-mobile-default flex-vertical-align-default flex-vertical-align-tablet-default flex-vertical-align-mobile-default elementor-widget elementor-widget-heading\" data-id=\"1a264f0\" data-element_type=\"widget\" data-widget_type=\"heading.default\">\n\t\t\t\t<div class=\"elementor-widget-container\">\n\t\t\t\t\t<h2 class=\"elementor-heading-title elementor-size-default\">UN GUICHET UNIQUE \/ UNE SOLUTION <\/h2>\t\t\t\t<\/div>\n\t\t\t\t<\/div>\n\t\t\t\t<div class=\"elementor-element elementor-element-e0c8af1 flex-horizontal-align-default flex-horizontal-align-tablet-default flex-horizontal-align-mobile-default flex-vertical-align-default flex-vertical-align-tablet-default flex-vertical-align-mobile-default elementor-widget elementor-widget-text-editor\" data-id=\"e0c8af1\" data-element_type=\"widget\" data-widget_type=\"text-editor.default\">\n\t\t\t\t<div class=\"elementor-widget-container\">\n\t\t\t\t\t\t\t\t\t\t\t\t<div class=\"elementor-text-editor elementor-clearfix\">\r\n\t\t\t\t\t\t<p>En plus de notre programme d&rsquo;\u00e9change et de rachat d&rsquo;endoscopes, nous fournissons des solutions compl\u00e8tes d&rsquo;\u00e9quipement d&rsquo;endoscopie, y compris :<\/p>\n<ul>\n<li>Endoscopes<\/li>\n<li>Processeurs vid\u00e9o et syst\u00e8mes de cam\u00e9ras<\/li>\n<li>Moniteurs HD<\/li>\n<li>Imprimantes Sony<\/li>\n<li>Pompes d&rsquo;aspiration<\/li>\n<li>Logiciel de capture d&rsquo;images et de rapports d&rsquo;endoscopie (SYSEO\u2122)<\/li>\n<li>Chariots de proc\u00e9dure (option motoris\u00e9e)<\/li>\n<li>Armoires de rangement<\/li>\n<li style=\"list-style-type: none;\"><\/li>\n<\/ul>\n\t\t\t\t\t\t\t<\/div>\r\n\t\t\t\t\t\t\t\t\t\t<\/div>\n\t\t\t\t<\/div>\n\t\t\t\t\t<\/div>\n\t\t<\/div>\n\t\t\t\t\t<\/div><\/div>\r\n\t\t<\/section>\r\n\t\t\t\t<section class=\"elementor-section elementor-top-section elementor-element elementor-element-025e8f2 elementor-section-stretched elementor-reverse-mobile elementor-section-boxed elementor-section-height-default elementor-section-height-default\" data-id=\"025e8f2\" data-element_type=\"section\" data-settings=\"{&quot;stretch_section&quot;:&quot;section-stretched&quot;}\">\r\n\t\t\t\t\t\t\t<div class=\"elementor-background-overlay\"><\/div>\r\n\t\t\t\t\t\t\t<div class=\"elementor-container elementor-column-gap-thegem\"><div class=\"elementor-row\">\r\n\t\t\t\t\t<div class=\"elementor-column elementor-col-50 elementor-top-column elementor-element elementor-element-79e1633\" data-id=\"79e1633\" data-element_type=\"column\">\n\t\t\t<div class=\"elementor-widget-wrap elementor-element-populated\">\n\t\t\t\t\t\t<div class=\"elementor-element elementor-element-04d84b3 flex-horizontal-align-default flex-horizontal-align-tablet-default flex-horizontal-align-mobile-default flex-vertical-align-default flex-vertical-align-tablet-default flex-vertical-align-mobile-default elementor-widget elementor-widget-heading\" data-id=\"04d84b3\" data-element_type=\"widget\" data-widget_type=\"heading.default\">\n\t\t\t\t<div class=\"elementor-widget-container\">\n\t\t\t\t\t<h2 class=\"elementor-heading-title elementor-size-default\">SUPPORT COMPLET POUR LES ENDOSCOPES<\/h2>\t\t\t\t<\/div>\n\t\t\t\t<\/div>\n\t\t\t\t<div class=\"elementor-element elementor-element-f3d8912 flex-horizontal-align-default flex-horizontal-align-tablet-default flex-horizontal-align-mobile-default flex-vertical-align-default flex-vertical-align-tablet-default flex-vertical-align-mobile-default elementor-widget elementor-widget-text-editor\" data-id=\"f3d8912\" data-element_type=\"widget\" data-widget_type=\"text-editor.default\">\n\t\t\t\t<div class=\"elementor-widget-container\">\n\t\t\t\t\t\t\t\t\t\t\t\t<div class=\"elementor-text-editor elementor-clearfix\">\r\n\t\t\t\t\t\t<p><strong>Service et maintenance<\/strong><br \/>\nChaque endoscope d&rsquo;occasion certifi\u00e9 fait l&rsquo;objet d&rsquo;une \u00e9valuation approfondie (36 points) afin de garantir la conformit\u00e9 \u00e0 nos normes rigoureuses avant de quitter notre \u00e9tablissement. Comptez sur nous pour des services de maintenance complets, soutenus par notre vaste expertise et notre d\u00e9vouement \u00e0 l&rsquo;excellence.<\/p>\n<p><strong>Installation et formation<\/strong><br \/>\nPrime Focus propose une installation et une formation personnalis\u00e9es pour nos \u00e9quipements, assur\u00e9es par notre personnel exp\u00e9riment\u00e9. Ce service est adapt\u00e9 \u00e0 vos besoins, garantissant une int\u00e9gration et une ma\u00eetrise harmonieuses de nos produits d\u00e8s le d\u00e9part.<\/p>\n<p><strong>Financement flexible<\/strong><br \/>\nAfin d&rsquo;all\u00e9ger les contraintes de tr\u00e9sorerie, nous proposons une large gamme d&rsquo;options de financement con\u00e7ues pour s&rsquo;adapter \u00e0 diverses situations, permettant des plans de paiement pratiques.<\/p>\n\t\t\t\t\t\t\t<\/div>\r\n\t\t\t\t\t\t\t\t\t\t<\/div>\n\t\t\t\t<\/div>\n\t\t\t\t\t<\/div>\n\t\t<\/div>\n\t\t\t\t<div class=\"elementor-column elementor-col-50 elementor-top-column elementor-element elementor-element-5c6767f\" data-id=\"5c6767f\" data-element_type=\"column\">\n\t\t\t<div class=\"elementor-widget-wrap elementor-element-populated\">\n\t\t\t\t\t\t<div class=\"elementor-element elementor-element-7caf4d0 flex-horizontal-align-default flex-horizontal-align-tablet-default flex-horizontal-align-mobile-default flex-vertical-align-default flex-vertical-align-tablet-default flex-vertical-align-mobile-default elementor-widget elementor-widget-thegem-styledimage\" data-id=\"7caf4d0\" data-element_type=\"widget\" data-settings=\"{&quot;image&quot;:{&quot;url&quot;:&quot;https:\\\/\\\/focusendoscopy.com\\\/wp-content\\\/uploads\\\/2024\\\/04\\\/Image-3-cert-endo.jpg&quot;,&quot;id&quot;:2938,&quot;size&quot;:&quot;&quot;,&quot;alt&quot;:&quot;&quot;,&quot;source&quot;:&quot;library&quot;},&quot;thegem_elementor_preset&quot;:&quot;default&quot;,&quot;image_position&quot;:&quot;left&quot;}\" data-widget_type=\"thegem-styledimage.default\">\n\t\t\t\t<div class=\"elementor-widget-container\">\n\t\t\t\t\t\n<div class=\"styled-image-wrapper\">\n\t\t\t<div class=\"gem-image gem-wrapbox gem-wrapbox-default gem-wrapbox-position-left lazy-loading \">\n\t\t\t<div class=\"gem-wrapbox-inner  lazy-loading-item\"  data-ll-effect=\"move-up\">\n\t\t\t\t\t\t\t\t\t<img class=\"gem-wrapbox-element img-responsive \"\n\t\t\t\t\t\t src=\"https:\/\/focusendoscopy.com\/wp-content\/uploads\/2024\/04\/Image-3-cert-endo.jpg\"\n\t\t\t\t\t\t alt=\"Image-3-cert-endo\">\n\t\t\t\t\t\t\t\t<\/div>\n\t\t<\/div>\n\t\t<\/div>\n\n\n\t\n\t\t\t\t\t\t<\/div>\n\t\t\t\t<\/div>\n\t\t\t\t\t<\/div>\n\t\t<\/div>\n\t\t\t\t\t<\/div><\/div>\r\n\t\t<\/section>\r\n\t\t\t\t<section class=\"elementor-section elementor-top-section elementor-element elementor-element-28544f5 elementor-section-stretched elementor-section-boxed elementor-section-height-default elementor-section-height-default\" data-id=\"28544f5\" data-element_type=\"section\" data-settings=\"{&quot;stretch_section&quot;:&quot;section-stretched&quot;}\">\r\n\t\t\t\t\t\t\t<div class=\"elementor-background-overlay\"><\/div>\r\n\t\t\t\t\t\t\t<div class=\"elementor-container elementor-column-gap-thegem\"><div class=\"elementor-row\">\r\n\t\t\t\t\t<div class=\"elementor-column elementor-col-50 elementor-top-column elementor-element elementor-element-a90938a\" data-id=\"a90938a\" data-element_type=\"column\">\n\t\t\t<div class=\"elementor-widget-wrap elementor-element-populated\">\n\t\t\t\t\t\t<div class=\"elementor-element elementor-element-a012f50 flex-horizontal-align-default flex-horizontal-align-tablet-default flex-horizontal-align-mobile-default flex-vertical-align-default flex-vertical-align-tablet-default flex-vertical-align-mobile-default elementor-widget elementor-widget-thegem-styledimage\" data-id=\"a012f50\" data-element_type=\"widget\" data-settings=\"{&quot;image&quot;:{&quot;url&quot;:&quot;https:\\\/\\\/focusendoscopy.com\\\/wp-content\\\/uploads\\\/2024\\\/04\\\/Image-4-cert-endo.png&quot;,&quot;id&quot;:2940,&quot;size&quot;:&quot;&quot;,&quot;alt&quot;:&quot;&quot;,&quot;source&quot;:&quot;library&quot;},&quot;thegem_elementor_preset&quot;:&quot;default&quot;,&quot;image_position&quot;:&quot;left&quot;}\" data-widget_type=\"thegem-styledimage.default\">\n\t\t\t\t<div class=\"elementor-widget-container\">\n\t\t\t\t\t\n<div class=\"styled-image-wrapper\">\n\t\t\t<div class=\"gem-image gem-wrapbox gem-wrapbox-default gem-wrapbox-position-left lazy-loading \">\n\t\t\t<div class=\"gem-wrapbox-inner  lazy-loading-item\"  data-ll-effect=\"move-up\">\n\t\t\t\t\t\t\t\t\t<img class=\"gem-wrapbox-element img-responsive \"\n\t\t\t\t\t\t src=\"https:\/\/focusendoscopy.com\/wp-content\/uploads\/2024\/04\/Image-4-cert-endo.png\"\n\t\t\t\t\t\t alt=\"Image 4 cert endo\">\n\t\t\t\t\t\t\t\t<\/div>\n\t\t<\/div>\n\t\t<\/div>\n\n\n\t\n\t\t\t\t\t\t<\/div>\n\t\t\t\t<\/div>\n\t\t\t\t\t<\/div>\n\t\t<\/div>\n\t\t\t\t<div class=\"elementor-column elementor-col-50 elementor-top-column elementor-element elementor-element-6e06b5e\" data-id=\"6e06b5e\" data-element_type=\"column\">\n\t\t\t<div class=\"elementor-widget-wrap elementor-element-populated\">\n\t\t\t\t\t\t<div class=\"elementor-element elementor-element-5331ec0 flex-horizontal-align-default flex-horizontal-align-tablet-default flex-horizontal-align-mobile-default flex-vertical-align-default flex-vertical-align-tablet-default flex-vertical-align-mobile-default elementor-widget elementor-widget-heading\" data-id=\"5331ec0\" data-element_type=\"widget\" data-widget_type=\"heading.default\">\n\t\t\t\t<div class=\"elementor-widget-container\">\n\t\t\t\t\t<h2 class=\"elementor-heading-title elementor-size-default\">Soyez r\u00e9mun\u00e9r\u00e9 pour vos endoscopes \u00e0 la retraite<\/h2>\t\t\t\t<\/div>\n\t\t\t\t<\/div>\n\t\t\t\t<div class=\"elementor-element elementor-element-fdb5f54 flex-horizontal-align-default flex-horizontal-align-tablet-default flex-horizontal-align-mobile-default flex-vertical-align-default flex-vertical-align-tablet-default flex-vertical-align-mobile-default elementor-widget elementor-widget-text-editor\" data-id=\"fdb5f54\" data-element_type=\"widget\" data-widget_type=\"text-editor.default\">\n\t\t\t\t<div class=\"elementor-widget-container\">\n\t\t\t\t\t\t\t\t\t\t\t\t<div class=\"elementor-text-editor elementor-clearfix\">\r\n\t\t\t\t\t\t<p>Lib\u00e9rez le plein potentiel du stock d&rsquo;endoscopes de votre \u00e9tablissement de sant\u00e9 gr\u00e2ce \u00e0 notre programme de rachat sans tracas. Voici pourquoi il est judicieux de s&rsquo;associer avec nous :<\/p>\n<p><strong>Options de paiement flexibles :<\/strong> Recevez un paiement par ch\u00e8que ou b\u00e9n\u00e9ficiez d&rsquo;un cr\u00e9dit accru pour notre large gamme de produits et de services, ce qui vous permet de b\u00e9n\u00e9ficier d&rsquo;un all\u00e8gement financier imm\u00e9diat ou d&rsquo;am\u00e9liorer vos investissements futurs.<\/p>\n<p><strong>R\u00e9mun\u00e9ration comp\u00e9titive :<\/strong> Soyez rassur\u00e9 en sachant que vous recevrez le meilleur prix pour vos endoscopes, ce qui vous permettra de tirer le meilleur parti de votre \u00e9quipement.<\/p>\n<p><strong>Inclusivit\u00e9 des marques et des types :<\/strong> Nous rachetons pratiquement toutes les marques et tous les types d&rsquo;endoscopes flexibles, ce qui vous permet de vous d\u00e9barrasser de votre \u00e9quipement ind\u00e9pendamment de sa marque ou de son mod\u00e8le.<\/p>\n<p><strong>Processus simple :<\/strong> Notre processus de rachat est simple et transparent, de la demande initiale au paiement final. De plus, profitez de nos \u00e9valuations gratuites pour d\u00e9marrer sans frais ni engagement pr\u00e9alables.<\/p>\n\t\t\t\t\t\t\t<\/div>\r\n\t\t\t\t\t\t\t\t\t\t<\/div>\n\t\t\t\t<\/div>\n\t\t\t\t\t<\/div>\n\t\t<\/div>\n\t\t\t\t\t<\/div><\/div>\r\n\t\t<\/section>\r\n\t\t\t\t<\/div>\n\t\t","protected":false},"excerpt":{"rendered":"<p>Chez Prime Focus, nous proposons des solutions innovantes et certifi\u00e9es pour tous vos besoins en \u00e9quipement d&rsquo;endoscopie. Que vous recherchiez&#8230;<\/p>\n","protected":false},"author":1,"featured_media":0,"parent":0,"menu_order":0,"comment_status":"closed","ping_status":"closed","template":"","meta":{"_monsterinsights_skip_tracking":false,"_monsterinsights_sitenote_active":false,"_monsterinsights_sitenote_note":"","_monsterinsights_sitenote_category":0,"footnotes":""},"class_list":["post-3503","page","type-page","status-publish"],"_links":{"self":[{"href":"https:\/\/focusendoscopy.com\/fr\/wp-json\/wp\/v2\/pages\/3503","targetHints":{"allow":["GET"]}}],"collection":[{"href":"https:\/\/focusendoscopy.com\/fr\/wp-json\/wp\/v2\/pages"}],"about":[{"href":"https:\/\/focusendoscopy.com\/fr\/wp-json\/wp\/v2\/types\/page"}],"author":[{"embeddable":true,"href":"https:\/\/focusendoscopy.com\/fr\/wp-json\/wp\/v2\/users\/1"}],"replies":[{"embeddable":true,"href":"https:\/\/focusendoscopy.com\/fr\/wp-json\/wp\/v2\/comments?post=3503"}],"version-history":[{"count":19,"href":"https:\/\/focusendoscopy.com\/fr\/wp-json\/wp\/v2\/pages\/3503\/revisions"}],"predecessor-version":[{"id":6482,"href":"https:\/\/focusendoscopy.com\/fr\/wp-json\/wp\/v2\/pages\/3503\/revisions\/6482"}],"wp:attachment":[{"href":"https:\/\/focusendoscopy.com\/fr\/wp-json\/wp\/v2\/media?parent=3503"}],"curies":[{"name":"wp","href":"https:\/\/api.w.org\/{rel}","templated":true}]}}